{"id":298,"date":"2025-11-23T13:59:54","date_gmt":"2025-11-23T12:59:54","guid":{"rendered":"http:\/\/munkago.hu\/?page_id=298"},"modified":"2025-11-23T14:00:37","modified_gmt":"2025-11-23T13:00:37","slug":"about","status":"publish","type":"page","link":"https:\/\/munkago.hu\/?page_id=298","title":{"rendered":"About"},"content":{"rendered":"\n<div class=\"wp-block-uagb-container uagb-layout-grid uagb-block-bfe052b1 alignfull uagb-is-root-container\"><div class=\"uagb-container-inner-blocks-wrap\">\n<div class=\"wp-block-uagb-advanced-heading uagb-block-4de6aee5\"><div class=\"uagb-separator\"><\/div><h1 class=\"uagb-heading-text\">Munkak\u00f6zvet\u00edt\u00e9s Magyarorsz\u00e1gr\u00f3l k\u00fclf\u00f6ldre<\/h1><\/div>\n\n\n\n<div class=\"wp-block-uagb-image uagb-block-259aae54 wp-block-uagb-image--layout-default wp-block-uagb-image--effect-static wp-block-uagb-image--align-none\"><figure class=\"wp-block-uagb-image__figure\"><img decoding=\"async\" srcset=\"https:\/\/munkago.hu\/wp-content\/uploads\/2025\/11\/pexels-photo-5974325.jpeg ,https:\/\/munkago.hu\/wp-content\/uploads\/2025\/11\/pexels-photo-5974325.jpeg 780w, https:\/\/munkago.hu\/wp-content\/uploads\/2025\/11\/pexels-photo-5974325.jpeg 360w\" sizes=\"auto, (max-width: 480px) 150px\" src=\"https:\/\/munkago.hu\/wp-content\/uploads\/2025\/11\/pexels-photo-5974325.jpeg\" alt=\"A craftsman uses a power sander on a wooden plank in a well-lit workshop.\" class=\"uag-image-11\" width=\"396\" height=\"380\" title=\"about-img\" loading=\"lazy\" role=\"img\"\/><\/figure><\/div>\n<\/div><\/div>\n\n\n\n<div class=\"wp-block-uagb-container uagb-block-b6c01382 alignfull uagb-is-root-container\"><div class=\"uagb-container-inner-blocks-wrap\">\n<div class=\"wp-block-uagb-image uagb-block-ee911b6e wp-block-uagb-image--layout-default wp-block-uagb-image--effect-static wp-block-uagb-image--align-none\"><figure class=\"wp-block-uagb-image__figure\"><img decoding=\"async\" srcset=\"https:\/\/munkago.hu\/wp-content\/uploads\/2025\/11\/pexels-photo-6466481.jpeg ,http:\/\/munkago.hu\/wp-content\/uploads\/2024\/07\/our-experience.jpg 780w, http:\/\/munkago.hu\/wp-content\/uploads\/2024\/07\/our-experience.jpg 360w\" sizes=\"auto, (max-width: 480px) 150px\" src=\"https:\/\/munkago.hu\/wp-content\/uploads\/2025\/11\/pexels-photo-6466481.jpeg\" alt=\"A housekeeper wearing gloves carefully arranges a decorative pillow on a hotel bed.\" class=\"uag-image-12\" width=\"1200\" height=\"450\" title=\"our-experience\" loading=\"lazy\" role=\"img\"\/><\/figure><\/div>\n\n\n\n<div class=\"wp-block-uagb-container uagb-block-3ac84b20\">\n<div class=\"wp-block-uagb-container uag-blocks-common-selector uagb-block-0bc34e4a\">\n<div class=\"wp-block-uagb-advanced-heading uagb-block-7752a12a\"><div class=\"uagb-separator\"><\/div><h2 class=\"uagb-heading-text\">Ismerje meg a munkak\u00f6zvet\u00edt\u0151 szolg\u00e1ltat\u00e1sainkat<\/h2><\/div>\n\n\n\n<div class=\"wp-block-uagb-image uagb-block-d2071441 wp-block-uagb-image--layout-default wp-block-uagb-image--effect-static wp-block-uagb-image--align-none\"><figure class=\"wp-block-uagb-image__figure\"><img decoding=\"async\" srcset=\"https:\/\/munkago.hu\/wp-content\/uploads\/2025\/11\/pexels-photo-3298635.jpeg ,https:\/\/munkago.hu\/wp-content\/uploads\/2025\/11\/pexels-photo-3298635.jpeg 780w, https:\/\/munkago.hu\/wp-content\/uploads\/2025\/11\/pexels-photo-3298635.jpeg 360w\" sizes=\"auto, (max-width: 480px) 150px\" src=\"https:\/\/munkago.hu\/wp-content\/uploads\/2025\/11\/pexels-photo-3298635.jpeg\" alt=\"Tattooed chef prepares a dish with focus, surrounded by steam.\" class=\"uag-image-13\" width=\"560\" height=\"400\" title=\"about-02\" loading=\"lazy\" role=\"img\"\/><\/figure><\/div>\n<\/div>\n\n\n\n<div class=\"wp-block-uagb-advanced-heading uagb-block-90bd4abb\"><h3 class=\"uagb-heading-text\">C\u00e9g\u00fcnk szak\u00e9rt\u0151i munkak\u00f6zvet\u00edt\u00e9st k\u00edn\u00e1l, \u00f6sszek\u00f6tve munkav\u00e1llal\u00f3kat \u00e9s munk\u00e1ltat\u00f3kat N\u00e9metorsz\u00e1gban \u00e9s Ausztri\u00e1ban.<\/h3><p class=\"uagb-desc-text\">Hossz\u00fa \u00e9vek \u00f3ta foglalkozunk munkak\u00f6zvet\u00edt\u00e9ssel, t\u00f6bb k\u00fclf\u00f6ldi c\u00e9g kapcsolatban \u00e1ll vel\u00fcnk. \u00c1ll\u00e1skeres\u0151ink alapos sz\u0171r\u00e9sen \u00e1tesett szakemberek, akiknek gyorsan seg\u00edt\u00fcnk tal\u00e1lni a megfelel\u0151 munk\u00e1t. Sok ezer munkav\u00e1llal\u00f3 tapasztalatainkra alapozva b\u00edzott m\u00e1r benn\u00fcnket.<\/p><\/div>\n<\/div>\n<\/div><\/div>\n\n\n\n<div class=\"wp-block-uagb-container uagb-block-b7e83894 alignfull uagb-is-root-container\"><div class=\"uagb-container-inner-blocks-wrap\">\n<div class=\"wp-block-uagb-advanced-heading uagb-block-1fe48051\"><div class=\"uagb-separator\"><\/div><h2 class=\"uagb-heading-text\">Mi\u00e9rt v\u00e1lasszon minket?<\/h2><p class=\"uagb-desc-text\">C\u00e9g\u00fcnk elk\u00f6telezett a min\u0151s\u00e9g \u00e9s gyorsas\u00e1g mellett, ezer munkakeres\u0151nek seg\u00edtett\u00fcnk m\u00e1r a nemzetk\u00f6zi munkaer\u0151piacon.<\/p><\/div>\n\n\n<div class=\"wp-block-uagb-faq uagb-faq__outer-wrap uagb-block-20e9f1df uagb-faq-icon-row-reverse uagb-faq-layout-accordion uagb-faq-expand-first-true uagb-faq-inactive-other-true uagb-faq__wrap uagb-buttons-layout-wrap uagb-faq-equal-height     \" data-faqtoggle=\"true\" role=\"tablist\"><div class=\"wp-block-uagb-faq-child uagb-faq-child__outer-wrap uagb-faq-item uagb-block-e85bdb9d \" role=\"tab\" tabindex=\"0\"><div class=\"uagb-faq-questions-button uagb-faq-questions\">\t\t\t<span class=\"uagb-icon uagb-faq-icon-wrap\">\n\t\t\t\t\t\t\t\t<svg xmlns=\"https:\/\/www.w3.org\/2000\/svg\" viewBox= \"0 0 448 512\"><path d=\"M416 352c-8.188 0-16.38-3.125-22.62-9.375L224 173.3l-169.4 169.4c-12.5 12.5-32.75 12.5-45.25 0s-12.5-32.75 0-45.25l192-192c12.5-12.5 32.75-12.5 45.25 0l192 192c12.5 12.5 12.5 32.75 0 45.25C432.4 348.9 424.2 352 416 352z\"><\/path><\/svg>\n\t\t\t\t\t\t\t<\/span>\n\t\t\t\t\t\t<span class=\"uagb-icon-active uagb-faq-icon-wrap\">\n\t\t\t\t\t\t\t\t<svg xmlns=\"https:\/\/www.w3.org\/2000\/svg\" viewBox= \"0 0 448 512\"><path d=\"M224 416c-8.188 0-16.38-3.125-22.62-9.375l-192-192c-12.5-12.5-12.5-32.75 0-45.25s32.75-12.5 45.25 0L224 338.8l169.4-169.4c12.5-12.5 32.75-12.5 45.25 0s12.5 32.75 0 45.25l-192 192C240.4 412.9 232.2 416 224 416z\"><\/path><\/svg>\n\t\t\t\t\t\t\t<\/span>\n\t\t\t<span class=\"uagb-question\">K\u00fcldet\u00e9s\u00fcnk a munkaer\u0151piacon<\/span><\/div><div class=\"uagb-faq-content\"><p>K\u00fcldet\u00e9s\u00fcnk, hogy egyszer\u0171s\u00edts\u00fck a munkav\u00e1llal\u00f3k \u00e9s munk\u00e1ltat\u00f3k k\u00f6z\u00f6tti kapcsolatteremt\u00e9st, magas sz\u00ednvonal\u00fa szolg\u00e1ltat\u00e1st \u00e9s gyors k\u00f6zvet\u00edt\u00e9st biztos\u00edtva.<\/p><\/div><\/div><div class=\"wp-block-uagb-faq-child uagb-faq-child__outer-wrap uagb-faq-item uagb-block-c1da3ed7 \" role=\"tab\" tabindex=\"0\"><div class=\"uagb-faq-questions-button uagb-faq-questions\">\t\t\t<span class=\"uagb-icon uagb-faq-icon-wrap\">\n\t\t\t\t\t\t\t\t<svg xmlns=\"https:\/\/www.w3.org\/2000\/svg\" viewBox= \"0 0 448 512\"><path d=\"M416 352c-8.188 0-16.38-3.125-22.62-9.375L224 173.3l-169.4 169.4c-12.5 12.5-32.75 12.5-45.25 0s-12.5-32.75 0-45.25l192-192c12.5-12.5 32.75-12.5 45.25 0l192 192c12.5 12.5 12.5 32.75 0 45.25C432.4 348.9 424.2 352 416 352z\"><\/path><\/svg>\n\t\t\t\t\t\t\t<\/span>\n\t\t\t\t\t\t<span class=\"uagb-icon-active uagb-faq-icon-wrap\">\n\t\t\t\t\t\t\t\t<svg xmlns=\"https:\/\/www.w3.org\/2000\/svg\" viewBox= \"0 0 448 512\"><path d=\"M224 416c-8.188 0-16.38-3.125-22.62-9.375l-192-192c-12.5-12.5-12.5-32.75 0-45.25s32.75-12.5 45.25 0L224 338.8l169.4-169.4c12.5-12.5 32.75-12.5 45.25 0s12.5 32.75 0 45.25l-192 192C240.4 412.9 232.2 416 224 416z\"><\/path><\/svg>\n\t\t\t\t\t\t\t<\/span>\n\t\t\t<span class=\"uagb-question\">J\u00f6v\u0151k\u00e9p\u00fcnk a munkaer\u0151piacon<\/span><\/div><div class=\"uagb-faq-content\"><p>C\u00e9lunk, hogy vezet\u0151 munkak\u00f6zvet\u00edt\u0151v\u00e9 v\u00e1ljunk a nemzetk\u00f6zi piacon, seg\u00edtve a munkav\u00e1llal\u00f3kat \u00e9s munk\u00e1ltat\u00f3kat k\u00f6lcs\u00f6n\u00f6sen el\u0151ny\u00f6s \u00fczletek l\u00e9trehoz\u00e1s\u00e1ban.<\/p><\/div><\/div><div class=\"wp-block-uagb-faq-child uagb-faq-child__outer-wrap uagb-faq-item uagb-block-7b419e9c \" role=\"tab\" tabindex=\"0\"><div class=\"uagb-faq-questions-button uagb-faq-questions\">\t\t\t<span class=\"uagb-icon uagb-faq-icon-wrap\">\n\t\t\t\t\t\t\t\t<svg xmlns=\"https:\/\/www.w3.org\/2000\/svg\" viewBox= \"0 0 448 512\"><path d=\"M416 352c-8.188 0-16.38-3.125-22.62-9.375L224 173.3l-169.4 169.4c-12.5 12.5-32.75 12.5-45.25 0s-12.5-32.75 0-45.25l192-192c12.5-12.5 32.75-12.5 45.25 0l192 192c12.5 12.5 12.5 32.75 0 45.25C432.4 348.9 424.2 352 416 352z\"><\/path><\/svg>\n\t\t\t\t\t\t\t<\/span>\n\t\t\t\t\t\t<span class=\"uagb-icon-active uagb-faq-icon-wrap\">\n\t\t\t\t\t\t\t\t<svg xmlns=\"https:\/\/www.w3.org\/2000\/svg\" viewBox= \"0 0 448 512\"><path d=\"M224 416c-8.188 0-16.38-3.125-22.62-9.375l-192-192c-12.5-12.5-12.5-32.75 0-45.25s32.75-12.5 45.25 0L224 338.8l169.4-169.4c12.5-12.5 32.75-12.5 45.25 0s12.5 32.75 0 45.25l-192 192C240.4 412.9 232.2 416 224 416z\"><\/path><\/svg>\n\t\t\t\t\t\t\t<\/span>\n\t\t\t<span class=\"uagb-question\">Alap\u00e9rt\u00e9keink a munkak\u00f6zvet\u00edt\u00e9sben<\/span><\/div><div class=\"uagb-faq-content\"><p>Elk\u00f6telezett szolg\u00e1ltat\u00e1s, megb\u00edzhat\u00f3s\u00e1g \u00e9s professzionalizmus jellemzi munk\u00e1nkat, hogy \u00fcgyfeleink el\u00e9gedettek legyenek.<\/p><\/div><\/div><div class=\"wp-block-uagb-faq-child uagb-faq-child__outer-wrap uagb-faq-item uagb-block-fa45c94f \" role=\"tab\" tabindex=\"0\"><div class=\"uagb-faq-questions-button uagb-faq-questions\">\t\t\t<span class=\"uagb-icon uagb-faq-icon-wrap\">\n\t\t\t\t\t\t\t\t<svg xmlns=\"https:\/\/www.w3.org\/2000\/svg\" viewBox= \"0 0 448 512\"><path d=\"M416 352c-8.188 0-16.38-3.125-22.62-9.375L224 173.3l-169.4 169.4c-12.5 12.5-32.75 12.5-45.25 0s-12.5-32.75 0-45.25l192-192c12.5-12.5 32.75-12.5 45.25 0l192 192c12.5 12.5 12.5 32.75 0 45.25C432.4 348.9 424.2 352 416 352z\"><\/path><\/svg>\n\t\t\t\t\t\t\t<\/span>\n\t\t\t\t\t\t<span class=\"uagb-icon-active uagb-faq-icon-wrap\">\n\t\t\t\t\t\t\t\t<svg xmlns=\"https:\/\/www.w3.org\/2000\/svg\" viewBox= \"0 0 448 512\"><path d=\"M224 416c-8.188 0-16.38-3.125-22.62-9.375l-192-192c-12.5-12.5-12.5-32.75 0-45.25s32.75-12.5 45.25 0L224 338.8l169.4-169.4c12.5-12.5 32.75-12.5 45.25 0s12.5 32.75 0 45.25l-192 192C240.4 412.9 232.2 416 224 416z\"><\/path><\/svg>\n\t\t\t\t\t\t\t<\/span>\n\t\t\t<span class=\"uagb-question\">D\u00edjak \u00e9s elismer\u00e9sek<\/span><\/div><div class=\"uagb-faq-content\"><p>C\u00e9g\u00fcnk elismer\u00e9sei t\u00fckr\u00f6zik a munk\u00e1nk min\u0151s\u00e9g\u00e9t, \u00e9s azt, hogy az ipar\u00e1g sz\u00ednvonal\u00e1n \u00e1llunk.<\/p><\/div><\/div><\/div><\/div><\/div>\n\n\n\n<div class=\"wp-block-uagb-container uagb-block-71d5d729 alignfull uagb-is-root-container\"><div class=\"uagb-container-inner-blocks-wrap\">\n<div class=\"wp-block-uagb-advanced-heading uagb-block-c0ed63b6\"><div class=\"uagb-separator\"><\/div><h2 class=\"uagb-heading-text\">C\u00e9g\u00fcnkr\u0151l k\u00e9sz\u00fclt fontosabb inform\u00e1ci\u00f3k<\/h2><p class=\"uagb-desc-text\">C\u00e9g\u00fcnket t\u00f6bb \u00e9ve alap\u00edtottuk, \u00e9s az\u00f3ta sz\u00e1mos sikeres k\u00f6zvet\u00edt\u00e9st v\u00e9gezt\u00fcnk Magyarorsz\u00e1g \u00e9s Nyugat-Eur\u00f3pa k\u00f6z\u00f6tt.<\/p><\/div>\n\n\n\n<div class=\"wp-block-uagb-image uagb-block-3b882c31 wp-block-uagb-image--layout-default wp-block-uagb-image--effect-static wp-block-uagb-image--align-none\"><figure class=\"wp-block-uagb-image__figure\"><img decoding=\"async\" srcset=\"https:\/\/munkago.hu\/wp-content\/uploads\/2025\/11\/pexels-photo-4483774.jpeg ,http:\/\/munkago.hu\/wp-content\/uploads\/2024\/08\/ours-journey.jpg 780w, http:\/\/munkago.hu\/wp-content\/uploads\/2024\/08\/ours-journey.jpg 360w\" sizes=\"auto, (max-width: 480px) 150px\" src=\"https:\/\/munkago.hu\/wp-content\/uploads\/2025\/11\/pexels-photo-4483774.jpeg\" alt=\"A worker carrying a box in a well-organized warehouse storage aisle.\" class=\"uag-image-7\" width=\"360\" height=\"460\" title=\"ours-journey\" loading=\"lazy\" role=\"img\"\/><\/figure><\/div>\n\n\n\n<div class=\"wp-block-uagb-advanced-heading uagb-block-441d128f\"><h3 class=\"uagb-heading-text\">C\u00e9g\u00fcnk fejl\u0151d\u00e9se az \u00e9vek sor\u00e1n<\/h3><p class=\"uagb-desc-text\">Az elm\u00falt \u00e9vek sor\u00e1n c\u00e9g\u00fcnk dinamikusan fejl\u0151d\u00f6tt, befektetve a modern kommunik\u00e1ci\u00f3s eszk\u00f6z\u00f6kbe \u00e9s folyamatosan b\u0151v\u00edtve kapcsolati h\u00e1l\u00f3nkat, hogy a legjobb lehet\u0151s\u00e9geket k\u00edn\u00e1lhassuk \u00fcgyfeleinknek.<\/p><\/div>\n<\/div><\/div>\n","protected":false},"excerpt":{"rendered":"<p>Munkak\u00f6zvet\u00edt\u00e9s Magyarorsz\u00e1gr\u00f3l k\u00fclf\u00f6ldre Ismerje meg a munkak\u00f6zvet\u00edt\u0151 szolg\u00e1ltat\u00e1sainkat C\u00e9g\u00fcnk szak\u00e9rt\u0151i munkak\u00f6zvet\u00edt\u00e9st k\u00edn\u00e1l, \u00f6sszek\u00f6tve munkav\u00e1llal\u00f3kat \u00e9s munk\u00e1ltat\u00f3kat N\u00e9metorsz\u00e1gban \u00e9s Ausztri\u00e1ban. Hossz\u00fa [&hellip;]<\/p>\n","protected":false},"author":1,"featured_media":0,"parent":0,"menu_order":0,"comment_status":"closed","ping_status":"closed","template":"","meta":{"_uag_custom_page_level_css":"","site-sidebar-layout":"default","site-content-layout":"","ast-site-content-layout":"default","site-content-style":"default","site-sidebar-style":"default","ast-global-header-display":"","ast-banner-title-visibility":"","ast-main-header-display":"","ast-hfb-above-header-display":"","ast-hfb-below-header-display":"","ast-hfb-mobile-header-display":"","site-post-title":"disabled","ast-breadcrumbs-content":"","ast-featured-img":"","footer-sml-layout":"","theme-transparent-header-meta":"","adv-header-id-meta":"","stick-header-meta":"","header-above-stick-meta":"","header-main-stick-meta":"","header-below-stick-meta":"","astra-migrate-meta-layouts":"default","ast-page-background-enabled":"default","ast-page-background-meta":{"desktop":{"background-color":"var(--ast-global-color-4)","background-image":"","background-repeat":"repeat","background-position":"center center","background-size":"auto","background-attachment":"scroll","background-type":"","background-media":"","overlay-type":"","overlay-color":"","overlay-opacity":"","overlay-gradient":""},"tablet":{"background-color":"","background-image":"","background-repeat":"repeat","background-position":"center center","background-size":"auto","background-attachment":"scroll","background-type":"","background-media":"","overlay-type":"","overlay-color":"","overlay-opacity":"","overlay-gradient":""},"mobile":{"background-color":"","background-image":"","background-repeat":"repeat","background-position":"center center","background-size":"auto","background-attachment":"scroll","background-type":"","background-media":"","overlay-type":"","overlay-color":"","overlay-opacity":"","overlay-gradient":""}},"ast-content-background-meta":{"desktop":{"background-color":"var(--ast-global-color-5)","background-image":"","background-repeat":"repeat","background-position":"center center","background-size":"auto","background-attachment":"scroll","background-type":"","background-media":"","overlay-type":"","overlay-color":"","overlay-opacity":"","overlay-gradient":""},"tablet":{"background-color":"var(--ast-global-color-5)","background-image":"","background-repeat":"repeat","background-position":"center center","background-size":"auto","background-attachment":"scroll","background-type":"","background-media":"","overlay-type":"","overlay-color":"","overlay-opacity":"","overlay-gradient":""},"mobile":{"background-color":"var(--ast-global-color-5)","background-image":"","background-repeat":"repeat","background-position":"center center","background-size":"auto","background-attachment":"scroll","background-type":"","background-media":"","overlay-type":"","overlay-color":"","overlay-opacity":"","overlay-gradient":""}},"footnotes":""},"class_list":["post-298","page","type-page","status-publish","hentry"],"uagb_featured_image_src":{"full":false,"thumbnail":false,"medium":false,"medium_large":false,"large":false,"1536x1536":false,"2048x2048":false},"uagb_author_info":{"display_name":"kuremszkierik1@gmail.com","author_link":"https:\/\/munkago.hu\/?author=1"},"uagb_comment_info":0,"uagb_excerpt":"Munkak\u00f6zvet\u00edt\u00e9s Magyarorsz\u00e1gr\u00f3l k\u00fclf\u00f6ldre Ismerje meg a munkak\u00f6zvet\u00edt\u0151 szolg\u00e1ltat\u00e1sainkat C\u00e9g\u00fcnk szak\u00e9rt\u0151i munkak\u00f6zvet\u00edt\u00e9st k\u00edn\u00e1l, \u00f6sszek\u00f6tve munkav\u00e1llal\u00f3kat \u00e9s munk\u00e1ltat\u00f3kat N\u00e9metorsz\u00e1gban \u00e9s Ausztri\u00e1ban. Hossz\u00fa [&hellip;]","_links":{"self":[{"href":"https:\/\/munkago.hu\/index.php?rest_route=\/wp\/v2\/pages\/298","targetHints":{"allow":["GET"]}}],"collection":[{"href":"https:\/\/munkago.hu\/index.php?rest_route=\/wp\/v2\/pages"}],"about":[{"href":"https:\/\/munkago.hu\/index.php?rest_route=\/wp\/v2\/types\/page"}],"author":[{"embeddable":true,"href":"https:\/\/munkago.hu\/index.php?rest_route=\/wp\/v2\/users\/1"}],"replies":[{"embeddable":true,"href":"https:\/\/munkago.hu\/index.php?rest_route=%2Fwp%2Fv2%2Fcomments&post=298"}],"version-history":[{"count":3,"href":"https:\/\/munkago.hu\/index.php?rest_route=\/wp\/v2\/pages\/298\/revisions"}],"predecessor-version":[{"id":546,"href":"https:\/\/munkago.hu\/index.php?rest_route=\/wp\/v2\/pages\/298\/revisions\/546"}],"wp:attachment":[{"href":"https:\/\/munkago.hu\/index.php?rest_route=%2Fwp%2Fv2%2Fmedia&parent=298"}],"curies":[{"name":"wp","href":"https:\/\/api.w.org\/{rel}","templated":true}]}}