{"id":299,"date":"2025-11-23T14:00:16","date_gmt":"2025-11-23T13:00:16","guid":{"rendered":"http:\/\/munkago.hu\/?page_id=299"},"modified":"2025-11-23T14:00:37","modified_gmt":"2025-11-23T13:00:37","slug":"services","status":"publish","type":"page","link":"https:\/\/munkago.hu\/?page_id=299","title":{"rendered":"Services"},"content":{"rendered":"\n<div class=\"wp-block-uagb-container uagb-layout-grid uagb-block-bfe052b1 alignfull uagb-is-root-container\"><div class=\"uagb-container-inner-blocks-wrap\">\n<div class=\"wp-block-uagb-advanced-heading uagb-block-4de6aee5\"><div class=\"uagb-separator\"><\/div><h1 class=\"uagb-heading-text\">Sz\u00e9lesk\u00f6r\u0171 munkak\u00f6zvet\u00edt\u00e9si szolg\u00e1ltat\u00e1sok<\/h1><\/div>\n\n\n\n<div class=\"wp-block-uagb-image uagb-block-259aae54 wp-block-uagb-image--layout-default wp-block-uagb-image--effect-static wp-block-uagb-image--align-none\"><figure class=\"wp-block-uagb-image__figure\"><img decoding=\"async\" srcset=\"https:\/\/munkago.hu\/wp-content\/uploads\/2025\/11\/pexels-photo-3298634.jpeg ,https:\/\/munkago.hu\/wp-content\/uploads\/2025\/11\/pexels-photo-3298634.jpeg 780w, https:\/\/munkago.hu\/wp-content\/uploads\/2025\/11\/pexels-photo-3298634.jpeg 360w\" sizes=\"auto, (max-width: 480px) 150px\" src=\"https:\/\/munkago.hu\/wp-content\/uploads\/2025\/11\/pexels-photo-3298634.jpeg\" alt=\"Tattooed chef presenting Asian cuisine with fresh ingredients in a modern kitchen setting.\" class=\"uag-image-14\" width=\"396\" height=\"380\" title=\"services-img\" loading=\"lazy\" role=\"img\"\/><\/figure><\/div>\n<\/div><\/div>\n\n\n\n<div class=\"wp-block-uagb-container uagb-block-f02a1ac0 alignfull uagb-is-root-container\"><div class=\"uagb-container-inner-blocks-wrap\">\n<div class=\"wp-block-uagb-container uagb-layout-grid uagb-block-1f6539c9\">\n<div class=\"wp-block-uagb-image uagb-block-22bf66dd wp-block-uagb-image--layout-default wp-block-uagb-image--effect-static wp-block-uagb-image--align-none\"><figure class=\"wp-block-uagb-image__figure\"><img decoding=\"async\" srcset=\"https:\/\/munkago.hu\/wp-content\/uploads\/2025\/11\/pexels-photo-4483774.jpeg ,https:\/\/munkago.hu\/wp-content\/uploads\/2025\/11\/pexels-photo-4483774.jpeg 780w, https:\/\/munkago.hu\/wp-content\/uploads\/2025\/11\/pexels-photo-4483774.jpeg 360w\" sizes=\"auto, (max-width: 480px) 150px\" src=\"https:\/\/munkago.hu\/wp-content\/uploads\/2025\/11\/pexels-photo-4483774.jpeg\" alt=\"A worker carrying a box in a well-organized warehouse storage aisle.\" class=\"uag-image-7\" width=\"500\" height=\"340\" title=\"services-01\" loading=\"lazy\" role=\"img\"\/><\/figure><\/div>\n\n\n\n<div class=\"wp-block-uagb-advanced-heading uagb-block-7fc15760\"><h2 class=\"uagb-heading-text\">01.<\/h2><\/div>\n\n\n\n<div class=\"wp-block-uagb-advanced-heading uagb-block-d1bf4422\"><h3 class=\"uagb-heading-text\">\u00c1ll\u00e1skeres\u00e9s N\u00e9metorsz\u00e1gban<\/h3><p class=\"uagb-desc-text\">T\u00f6bb mint \u00e9vtizedes tapasztalattal rendelkez\u00fcnk a n\u00e9metorsz\u00e1gi munkak\u00f6zvet\u00edt\u00e9sben. Az \u00e1ltalunk k\u00f6zvet\u00edtett \u00e1ll\u00e1skeres\u0151k alapos sz\u0171r\u00e9sen esnek \u00e1t, biztos\u00edtva a megfelel\u0151 munkahelyet sz\u00e1mukra. Az \u00e1ll\u00e1spontjaik k\u00f6zvetlen kapcsolatban \u00e1llnak a n\u00e9met c\u00e9gekkel.<\/p><\/div>\n<\/div>\n\n\n\n<div class=\"wp-block-uagb-container uagb-layout-grid uagb-block-4e23bf70\">\n<div class=\"wp-block-uagb-image uagb-block-5975b480 wp-block-uagb-image--layout-default wp-block-uagb-image--effect-static wp-block-uagb-image--align-none\"><figure class=\"wp-block-uagb-image__figure\"><img decoding=\"async\" srcset=\"https:\/\/munkago.hu\/wp-content\/uploads\/2025\/11\/pexels-photo.jpg ,https:\/\/munkago.hu\/wp-content\/uploads\/2025\/11\/pexels-photo.jpg 780w, https:\/\/munkago.hu\/wp-content\/uploads\/2025\/11\/pexels-photo.jpg 360w\" sizes=\"auto, (max-width: 480px) 150px\" src=\"https:\/\/munkago.hu\/wp-content\/uploads\/2025\/11\/pexels-photo.jpg\" alt=\"Close-up of a construction worker with hammer and tools, focused on the job.\" class=\"uag-image-8\" width=\"500\" height=\"340\" title=\"services-02\" loading=\"lazy\" role=\"img\"\/><\/figure><\/div>\n\n\n\n<div class=\"wp-block-uagb-advanced-heading uagb-block-42b1afc3\"><h2 class=\"uagb-heading-text\">02.<\/h2><\/div>\n\n\n\n<div class=\"wp-block-uagb-advanced-heading uagb-block-2b5b97c7\"><h3 class=\"uagb-heading-text\">\u00c1ll\u00e1skeres\u00e9s Ausztri\u00e1ban<\/h3><p class=\"uagb-desc-text\">Az ausztriai munkak\u00f6zvet\u00edt\u00e9s sor\u00e1n ugyanolyan r\u00e9szletes sz\u0171r\u00e9st v\u00e9gz\u00fcnk, mint N\u00e9metorsz\u00e1gban. Az \u00e1ll\u00e1skeres\u0151k k\u00f6zvetlen\u00fcl osztoznak tapasztalataikban, \u00e9s mi minden l\u00e9p\u00e9st t\u00e1mogatunk, hogy a megfelel\u0151 poz\u00edci\u00f3t tal\u00e1lj\u00e1k meg.<\/p><\/div>\n<\/div>\n\n\n\n<div class=\"wp-block-uagb-container uagb-layout-grid uagb-block-75fb60e4\">\n<div class=\"wp-block-uagb-image uagb-block-dec8dc2a wp-block-uagb-image--layout-default wp-block-uagb-image--effect-static wp-block-uagb-image--align-none\"><figure class=\"wp-block-uagb-image__figure\"><img decoding=\"async\" srcset=\"https:\/\/munkago.hu\/wp-content\/uploads\/2025\/11\/pexels-photo-6169056.jpeg ,https:\/\/munkago.hu\/wp-content\/uploads\/2025\/11\/pexels-photo-6169056.jpeg 780w, https:\/\/munkago.hu\/wp-content\/uploads\/2025\/11\/pexels-photo-6169056.jpeg 360w\" sizes=\"auto, (max-width: 480px) 150px\" src=\"https:\/\/munkago.hu\/wp-content\/uploads\/2025\/11\/pexels-photo-6169056.jpeg\" alt=\"A delivery man unloading cardboard boxes from a van at a warehouse during the day.\" class=\"uag-image-9\" width=\"500\" height=\"340\" title=\"services-03\" loading=\"lazy\" role=\"img\"\/><\/figure><\/div>\n\n\n\n<div class=\"wp-block-uagb-advanced-heading uagb-block-e6ec07d4\"><h2 class=\"uagb-heading-text\">03.<\/h2><\/div>\n\n\n\n<div class=\"wp-block-uagb-advanced-heading uagb-block-99c873e0\"><h3 class=\"uagb-heading-text\">Szem\u00e9lyre szabott tan\u00e1csad\u00e1s<\/h3><p class=\"uagb-desc-text\">Munkat\u00e1rsaink k\u00e9pzett szakemberek, akik seg\u00edtenek az \u00e1ll\u00e1skeres\u0151k sz\u00e1m\u00e1ra megfelel\u0151 poz\u00edci\u00f3kon kereszt\u00fcl el\u00e9rni c\u00e9ljaikat. A tan\u00e1csad\u00e1s mag\u00e1ban foglalja a CV ellen\u0151rz\u00e9s\u00e9t \u00e9s a megfelel\u0151 besorol\u00e1sok megkeres\u00e9s\u00e9t.<\/p><\/div>\n<\/div>\n\n\n\n<div class=\"wp-block-uagb-container uagb-layout-grid uagb-block-69a1e017\">\n<div class=\"wp-block-uagb-image uagb-block-55e41bb4 wp-block-uagb-image--layout-default wp-block-uagb-image--effect-static wp-block-uagb-image--align-none\"><figure class=\"wp-block-uagb-image__figure\"><img decoding=\"async\" srcset=\"https:\/\/munkago.hu\/wp-content\/uploads\/2025\/11\/pexels-photo-3760069.jpeg ,https:\/\/munkago.hu\/wp-content\/uploads\/2025\/11\/pexels-photo-3760069.jpeg 780w, https:\/\/munkago.hu\/wp-content\/uploads\/2025\/11\/pexels-photo-3760069.jpeg 360w\" sizes=\"auto, (max-width: 480px) 150px\" src=\"https:\/\/munkago.hu\/wp-content\/uploads\/2025\/11\/pexels-photo-3760069.jpeg\" alt=\"Close-up of a professional handshake over a laptop during a business meeting in an office.\" class=\"uag-image-10\" width=\"500\" height=\"340\" title=\"services-04\" loading=\"lazy\" role=\"img\"\/><\/figure><\/div>\n\n\n\n<div class=\"wp-block-uagb-advanced-heading uagb-block-2d94a4af\"><h2 class=\"uagb-heading-text\">04.<\/h2><\/div>\n\n\n\n<div class=\"wp-block-uagb-advanced-heading uagb-block-0224262a\"><h3 class=\"uagb-heading-text\">Adminisztr\u00e1ci\u00f3s t\u00e1mogat\u00e1s<\/h3><p class=\"uagb-desc-text\">Seg\u00edt\u00fcnk az adminisztr\u00e1ci\u00f3s folyamatok lebonyol\u00edt\u00e1s\u00e1ban, bele\u00e9rtve a sz\u00fcks\u00e9ges pap\u00edrok meg\u00e9rt\u00e9s\u00e9t \u00e9s az adminisztrat\u00edv \u00fcgyint\u00e9z\u00e9st. C\u00e9lunk, hogy minden l\u00e9p\u00e9s sor\u00e1n t\u00e1mogassuk az \u00e1ll\u00e1skeres\u0151ket.<\/p><\/div>\n<\/div>\n\n\n\n<div class=\"wp-block-uagb-advanced-heading uagb-block-847f0174\"><div class=\"uagb-separator\"><\/div><h2 class=\"uagb-heading-text\">Munkafolyamatunk egyszer\u0171 l\u00e9p\u00e9sei<\/h2><\/div>\n<\/div><\/div>\n\n\n\n<div class=\"wp-block-uagb-container uagb-layout-grid uagb-block-cd2486f8 alignfull uagb-is-root-container\"><div class=\"uagb-container-inner-blocks-wrap\">\n<div class=\"wp-block-uagb-container uagb-block-680c0089\">\n<div class=\"wp-block-uagb-advanced-heading uagb-block-2c1fc22f\"><p class=\"uagb-heading-text\">Adatok gy\u0171jt\u00e9se \u00e9s elemz\u00e9se<\/p><p class=\"uagb-desc-text\">Els\u0151 l\u00e9p\u00e9sk\u00e9nt \u00f6sszegy\u0171jtj\u00fck az \u00e1ll\u00e1skeres\u0151k adatait \u00e9s preferenci\u00e1it a megfelel\u0151 munkahely keres\u00e9s\u00e9hez.<\/p><\/div>\n<\/div>\n\n\n\n<div class=\"wp-block-uagb-container uagb-block-f6244a01\">\n<div class=\"wp-block-uagb-advanced-heading uagb-block-3e2e789f\"><p class=\"uagb-heading-text\">Szem\u00e9lyre szabott \u00e1ll\u00e1saj\u00e1nlatok<\/p><p class=\"uagb-desc-text\">Kezdem\u00e9nyezz\u00fck az \u00e1ll\u00e1skeres\u0151k sz\u00e1m\u00e1ra az egy\u00e9ni \u00e1ll\u00e1saj\u00e1nlatok kidolgoz\u00e1s\u00e1t a preferenci\u00e1ik alapj\u00e1n.<\/p><\/div>\n<\/div>\n\n\n\n<div class=\"wp-block-uagb-container uagb-block-0815f89c\">\n<div class=\"wp-block-uagb-advanced-heading uagb-block-4fdc0b6f\"><p class=\"uagb-heading-text\">Kapcsolatfelv\u00e9tel a munk\u00e1ltat\u00f3kkal<\/p><p class=\"uagb-desc-text\">A munk\u00e1ltat\u00f3kkal val\u00f3 kapcsolattart\u00e1s sor\u00e1n biztos\u00edtjuk, hogy a keresett poz\u00edci\u00f3k el\u00e9rhet\u0151ek \u00e9s megfelelnek az \u00e1ll\u00e1skeres\u0151knek.<\/p><\/div>\n<\/div>\n\n\n\n<div class=\"wp-block-uagb-container uagb-block-77ffa57b\">\n<div class=\"wp-block-uagb-advanced-heading uagb-block-3b941aaf\"><p class=\"uagb-heading-text\">Seg\u00edts\u00e9gny\u00fajt\u00e1s a kiutaz\u00e1sban<\/p><p class=\"uagb-desc-text\">L\u00e9p\u00e9sr\u0151l l\u00e9p\u00e9sre t\u00e1mogatjuk az \u00e1ll\u00e1skeres\u0151ket a k\u00fclf\u00f6ldi munkav\u00e1llal\u00e1s el\u0151k\u00e9sz\u00edt\u0151 folyamataiban, bele\u00e9rtve a k\u00f6lt\u00f6z\u00e9st \u00e9s az adminisztr\u00e1ci\u00f3t.<\/p><\/div>\n<\/div>\n<\/div><\/div>\n","protected":false},"excerpt":{"rendered":"<p>Sz\u00e9lesk\u00f6r\u0171 munkak\u00f6zvet\u00edt\u00e9si szolg\u00e1ltat\u00e1sok 01. \u00c1ll\u00e1skeres\u00e9s N\u00e9metorsz\u00e1gban T\u00f6bb mint \u00e9vtizedes tapasztalattal rendelkez\u00fcnk a n\u00e9metorsz\u00e1gi munkak\u00f6zvet\u00edt\u00e9sben. Az \u00e1ltalunk k\u00f6zvet\u00edtett \u00e1ll\u00e1skeres\u0151k alapos sz\u0171r\u00e9sen [&hellip;]<\/p>\n","protected":false},"author":1,"featured_media":0,"parent":0,"menu_order":0,"comment_status":"closed","ping_status":"closed","template":"","meta":{"_uag_custom_page_level_css":"","site-sidebar-layout":"default","site-content-layout":"","ast-site-content-layout":"default","site-content-style":"default","site-sidebar-style":"default","ast-global-header-display":"","ast-banner-title-visibility":"","ast-main-header-display":"","ast-hfb-above-header-display":"","ast-hfb-below-header-display":"","ast-hfb-mobile-header-display":"","site-post-title":"disabled","ast-breadcrumbs-content":"","ast-featured-img":"","footer-sml-layout":"","theme-transparent-header-meta":"","adv-header-id-meta":"","stick-header-meta":"","header-above-stick-meta":"","header-main-stick-meta":"","header-below-stick-meta":"","astra-migrate-meta-layouts":"default","ast-page-background-enabled":"default","ast-page-background-meta":{"desktop":{"background-color":"var(--ast-global-color-4)","background-image":"","background-repeat":"repeat","background-position":"center center","background-size":"auto","background-attachment":"scroll","background-type":"","background-media":"","overlay-type":"","overlay-color":"","overlay-opacity":"","overlay-gradient":""},"tablet":{"background-color":"","background-image":"","background-repeat":"repeat","background-position":"center center","background-size":"auto","background-attachment":"scroll","background-type":"","background-media":"","overlay-type":"","overlay-color":"","overlay-opacity":"","overlay-gradient":""},"mobile":{"background-color":"","background-image":"","background-repeat":"repeat","background-position":"center center","background-size":"auto","background-attachment":"scroll","background-type":"","background-media":"","overlay-type":"","overlay-color":"","overlay-opacity":"","overlay-gradient":""}},"ast-content-background-meta":{"desktop":{"background-color":"var(--ast-global-color-5)","background-image":"","background-repeat":"repeat","background-position":"center center","background-size":"auto","background-attachment":"scroll","background-type":"","background-media":"","overlay-type":"","overlay-color":"","overlay-opacity":"","overlay-gradient":""},"tablet":{"background-color":"var(--ast-global-color-5)","background-image":"","background-repeat":"repeat","background-position":"center center","background-size":"auto","background-attachment":"scroll","background-type":"","background-media":"","overlay-type":"","overlay-color":"","overlay-opacity":"","overlay-gradient":""},"mobile":{"background-color":"var(--ast-global-color-5)","background-image":"","background-repeat":"repeat","background-position":"center center","background-size":"auto","background-attachment":"scroll","background-type":"","background-media":"","overlay-type":"","overlay-color":"","overlay-opacity":"","overlay-gradient":""}},"footnotes":""},"class_list":["post-299","page","type-page","status-publish","hentry"],"uagb_featured_image_src":{"full":false,"thumbnail":false,"medium":false,"medium_large":false,"large":false,"1536x1536":false,"2048x2048":false},"uagb_author_info":{"display_name":"kuremszkierik1@gmail.com","author_link":"https:\/\/munkago.hu\/?author=1"},"uagb_comment_info":0,"uagb_excerpt":"Sz\u00e9lesk\u00f6r\u0171 munkak\u00f6zvet\u00edt\u00e9si szolg\u00e1ltat\u00e1sok 01. \u00c1ll\u00e1skeres\u00e9s N\u00e9metorsz\u00e1gban T\u00f6bb mint \u00e9vtizedes tapasztalattal rendelkez\u00fcnk a n\u00e9metorsz\u00e1gi munkak\u00f6zvet\u00edt\u00e9sben. Az \u00e1ltalunk k\u00f6zvet\u00edtett \u00e1ll\u00e1skeres\u0151k alapos sz\u0171r\u00e9sen [&hellip;]","_links":{"self":[{"href":"https:\/\/munkago.hu\/index.php?rest_route=\/wp\/v2\/pages\/299","targetHints":{"allow":["GET"]}}],"collection":[{"href":"https:\/\/munkago.hu\/index.php?rest_route=\/wp\/v2\/pages"}],"about":[{"href":"https:\/\/munkago.hu\/index.php?rest_route=\/wp\/v2\/types\/page"}],"author":[{"embeddable":true,"href":"https:\/\/munkago.hu\/index.php?rest_route=\/wp\/v2\/users\/1"}],"replies":[{"embeddable":true,"href":"https:\/\/munkago.hu\/index.php?rest_route=%2Fwp%2Fv2%2Fcomments&post=299"}],"version-history":[{"count":3,"href":"https:\/\/munkago.hu\/index.php?rest_route=\/wp\/v2\/pages\/299\/revisions"}],"predecessor-version":[{"id":545,"href":"https:\/\/munkago.hu\/index.php?rest_route=\/wp\/v2\/pages\/299\/revisions\/545"}],"wp:attachment":[{"href":"https:\/\/munkago.hu\/index.php?rest_route=%2Fwp%2Fv2%2Fmedia&parent=299"}],"curies":[{"name":"wp","href":"https:\/\/api.w.org\/{rel}","templated":true}]}}